{"id":2410,"date":"2015-08-11T19:56:22","date_gmt":"2015-08-11T18:56:22","guid":{"rendered":"http:\/\/dev.mittendorfer.net\/destillerie\/?post_type=product&#038;p=2410"},"modified":"2024-05-02T08:36:04","modified_gmt":"2024-05-02T07:36:04","slug":"heidelbeerlikoer","status":"publish","type":"product","link":"https:\/\/www.mittendorfer.net\/destillerie\/shop\/heidelbeerlikoer\/","title":{"rendered":"Heidelbeerlik\u00f6r (0,5l)"},"content":{"rendered":"","protected":false},"excerpt":{"rendered":"<p>facettenreich, viele dunkle Waldfr\u00fcchte im Geschmack, fein s\u00e4uerliche Note, leicht belegend<\/p>\n","protected":false},"featured_media":2729,"template":"","meta":[],"product_brand":[],"product_cat":[9],"product_tag":[],"class_list":{"0":"post-2410","1":"product","2":"type-product","3":"status-publish","4":"has-post-thumbnail","6":"product_cat-likoere","8":"first","9":"instock","10":"taxable","11":"shipping-taxable","12":"purchasable","13":"product-type-simple"},"_links":{"self":[{"href":"https:\/\/www.mittendorfer.net\/destillerie\/wp-json\/wp\/v2\/product\/2410","targetHints":{"allow":["GET"]}}],"collection":[{"href":"https:\/\/www.mittendorfer.net\/destillerie\/wp-json\/wp\/v2\/product"}],"about":[{"href":"https:\/\/www.mittendorfer.net\/destillerie\/wp-json\/wp\/v2\/types\/product"}],"wp:featuredmedia":[{"embeddable":true,"href":"https:\/\/www.mittendorfer.net\/destillerie\/wp-json\/wp\/v2\/media\/2729"}],"wp:attachment":[{"href":"https:\/\/www.mittendorfer.net\/destillerie\/wp-json\/wp\/v2\/media?parent=2410"}],"wp:term":[{"taxonomy":"product_brand","embeddable":true,"href":"https:\/\/www.mittendorfer.net\/destillerie\/wp-json\/wp\/v2\/product_brand?post=2410"},{"taxonomy":"product_cat","embeddable":true,"href":"https:\/\/www.mittendorfer.net\/destillerie\/wp-json\/wp\/v2\/product_cat?post=2410"},{"taxonomy":"product_tag","embeddable":true,"href":"https:\/\/www.mittendorfer.net\/destillerie\/wp-json\/wp\/v2\/product_tag?post=2410"}],"curies":[{"name":"wp","href":"https:\/\/api.w.org\/{rel}","templated":true}]}}