{"id":2406,"date":"2015-08-11T19:54:46","date_gmt":"2015-08-11T18:54:46","guid":{"rendered":"http:\/\/dev.mittendorfer.net\/destillerie\/?post_type=product&#038;p=2406"},"modified":"2022-05-02T08:31:03","modified_gmt":"2022-05-02T07:31:03","slug":"kleiner-herwig-kraeuterlikoer","status":"publish","type":"product","link":"https:\/\/www.mittendorfer.net\/destillerie\/shop\/kleiner-herwig-kraeuterlikoer\/","title":{"rendered":"Kleiner Herwig &#8211; Kr\u00e4uterlik\u00f6r (0,5l)"},"content":{"rendered":"","protected":false},"excerpt":{"rendered":"<p>kr\u00e4ftiger K\u00f6rper, intensiver Charkater, ausdrucksstarke w\u00fcrzige Note<\/p>\n","protected":false},"featured_media":2734,"template":"","meta":[],"product_brand":[],"product_cat":[9],"product_tag":[],"class_list":{"0":"post-2406","1":"product","2":"type-product","3":"status-publish","4":"has-post-thumbnail","6":"product_cat-likoere","8":"first","9":"instock","10":"taxable","11":"shipping-taxable","12":"purchasable","13":"product-type-simple"},"_links":{"self":[{"href":"https:\/\/www.mittendorfer.net\/destillerie\/wp-json\/wp\/v2\/product\/2406","targetHints":{"allow":["GET"]}}],"collection":[{"href":"https:\/\/www.mittendorfer.net\/destillerie\/wp-json\/wp\/v2\/product"}],"about":[{"href":"https:\/\/www.mittendorfer.net\/destillerie\/wp-json\/wp\/v2\/types\/product"}],"wp:featuredmedia":[{"embeddable":true,"href":"https:\/\/www.mittendorfer.net\/destillerie\/wp-json\/wp\/v2\/media\/2734"}],"wp:attachment":[{"href":"https:\/\/www.mittendorfer.net\/destillerie\/wp-json\/wp\/v2\/media?parent=2406"}],"wp:term":[{"taxonomy":"product_brand","embeddable":true,"href":"https:\/\/www.mittendorfer.net\/destillerie\/wp-json\/wp\/v2\/product_brand?post=2406"},{"taxonomy":"product_cat","embeddable":true,"href":"https:\/\/www.mittendorfer.net\/destillerie\/wp-json\/wp\/v2\/product_cat?post=2406"},{"taxonomy":"product_tag","embeddable":true,"href":"https:\/\/www.mittendorfer.net\/destillerie\/wp-json\/wp\/v2\/product_tag?post=2406"}],"curies":[{"name":"wp","href":"https:\/\/api.w.org\/{rel}","templated":true}]}}