{"id":2816,"date":"2016-05-11T19:14:09","date_gmt":"2016-05-11T18:14:09","guid":{"rendered":"http:\/\/dev.mittendorfer.net\/destillerie\/?page_id=2816"},"modified":"2016-11-24T09:57:06","modified_gmt":"2016-11-24T08:57:06","slug":"ruecktrittsbelehrung","status":"publish","type":"page","link":"https:\/\/www.mittendorfer.net\/destillerie\/ruecktrittsbelehrung\/","title":{"rendered":"R\u00fccktrittsbelehrung"},"content":{"rendered":"<p>&nbsp;<\/p>\n<p><em>&#8211; Beginn der R\u00fccktrittsbelehrung f\u00fcr Verbraucher &#8211; <\/em><\/p>\n<p>R\u00fccktritt durch ausdr\u00fcckliche schriftliche Erkl\u00e4rung<\/p>\n<p>Jeder Kunde kann binnen 14 Tagen nach Erhalt der Ware durch Absenden einer schriftlichen R\u00fccktrittserkl\u00e4rung ohne Angaben von Gr\u00fcnden vom geschlossenen Vertrag zur\u00fccktreten. Daf\u00fcr gen\u00fcgt es, wenn die R\u00fccktrittserkl\u00e4rung innerhalb dieser Frist abgesendet wird (es entscheidet das Datum des Postaufgabescheines). Der Kunde ist in diesem Fall zur unverz\u00fcglichen R\u00fccksendung der Ware nachweislich verpflichtet. Die R\u00fcckversandkosten (Porto) sind vom Kunden zu tragen. Wurde die Ware ben\u00fctzt und\/oder besch\u00e4digt hat der Kunde ein angemessenes Entgelt f\u00fcr die Ben\u00fctzung einschlie\u00dflich einer angemessenen Entsch\u00e4digung f\u00fcr die entstandenen Sch\u00e4den &#8211; maximal in H\u00f6he des Warenwertes &#8211; an den Verk\u00e4ufer zu zahlen. Die R\u00fccktrittserkl\u00e4rung ist an folgende Adresse zu senden:<\/p>\n<p>[woocommerce_de_disclaimer_address_data]<br \/>\nTel. +43(0)7945\/7203<br \/>\nFax. +43(0)7945\/-18<br \/>\nEmail: office@mittendorfer.net<\/p>\n<p><em>R\u00fccktritt durch schlichte R\u00fccksendung der Ware<\/em><\/p>\n<p>Der Kunde kann sein R\u00fccktrittsrecht auch dadurch aus\u00fcben, dass er lediglich die Ware innerhalb von 14 Tagen nach Erhalt ohne schriftliche R\u00fccktrittserkl\u00e4rung an den Verk\u00e4ufer nachweislich zur\u00fcckschickt. F\u00fcr eine Wahrung der Frist gen\u00fcgt in diesem Fall die nachweislich rechtzeitige Absendung der Ware. Voraussetzung f\u00fcr diese Form der Aus\u00fcbung des R\u00fccktrittsrechtes durch schlichte R\u00fccksendung der Ware ist, dass die Ware nicht besch\u00e4digt oder gebraucht ist sowie die R\u00fccksendung ausreichend frankiert erfolgt. Ausschlie\u00dflich bei einer falsch-oder mangelhaften Lieferung tr\u00e4gt der Verk\u00e4ufer die R\u00fcckversandkosten (Porto).<\/p>\n<p>Die Gefahr der R\u00fccksendung sowie dessen Nachweis liegt jeweils beim Kunden. Im Falle eines R\u00fccktrittes des Kunden (durch ausdr\u00fcckliche Erkl\u00e4rung oder schlichte R\u00fccksendung der Ware), zahlt der Verk\u00e4ufer umgehend den bereits entrichteten Kaufpreis zur\u00fcck &#8211; Versandkosten werden nicht r\u00fcckerstattet. Bei Bestellung auf offene Rechnung erfolgt eine Gutschrift auf dem Kundenkonto.<\/p>\n<p><em>&#8211; Ende der R\u00fccktrittsbelehrung f\u00fcr Verbraucher &#8211;<\/em><\/p>\n<p><em>Hinweise zum Ausschluss des <em>R\u00fccktrittsrechts<\/em><\/em><\/p>\n<p>Das R\u00fccktrittsrecht besteht nicht bei Lieferung von Waren, die nach Kundenspezifikation angefertigt werden oder eindeutig auf die pers\u00f6nlichen Bed\u00fcrfnisse zugeschnitten sind oder bei Lieferung von Audio- oder Videoaufzeichnungen oder von Software, sofern die gelieferten Datentr\u00e4ger von Ihnen entsiegelt worden sind.<\/p>\n<p><em>Hinweise zu R\u00fccksendungen<\/em><\/p>\n<p>Die in diesem Abschnitt (&#8220;Hinweise zu R\u00fccksendungen&#8221;) genannten Modalit\u00e4ten sind keine Voraussetzung f\u00fcr die wirksame Aus\u00fcbung des obigen R\u00fccktrittsrechts.<\/p>\n<p>Kunden werden vor R\u00fccksendung gebeten die R\u00fccksendung beim Verk\u00e4ufer zu melden (office@mittendorfer.net), um die R\u00fccksendung anzuk\u00fcndigen. Auf diese Weise erm\u00f6glichen sie dem Verk\u00e4ufer eine schnellstm\u00f6gliche Zuordnung der Produkte.<\/p>\n<p>Kunden werden gebeten die Ware als frankiertes Paket an den Verk\u00e4ufer zur\u00fcck zu senden und den Einlieferbeleg aufzubewahren. Der Verk\u00e4ufer erstattet den Kunden auf Wunsch vorab die Portokosten, sofern diese nicht vom K\u00e4ufer selbst zu tragen sind.<\/p>\n<p>Kunden werden gebeten Besch\u00e4digungen oder Verunreinigungen der Ware zu vermeiden. Die Ware sollte nach M\u00f6glichkeit in Originalverpackung mit s\u00e4mtlichem Zubeh\u00f6r an den Verk\u00e4ufer zur\u00fcck gesendet werden. Ist die Originalverpackung nicht mehr im Besitz des Verk\u00e4ufers, sollte eine andere geeigneten Verpackung verwendet werden, um f\u00fcr einen ausreichenden Schutz vor Transportsch\u00e4den zu sorgen und etwaige Schadensersatzanspr\u00fcche wegen Besch\u00e4digungen infolge mangelhafter Verpackung zu vermeiden.<\/p>\n","protected":false},"excerpt":{"rendered":"<p>&nbsp; &#8211; Beginn der R\u00fccktrittsbelehrung f\u00fcr Verbraucher &#8211; R\u00fccktritt durch ausdr\u00fcckliche schriftliche Erkl\u00e4rung Jeder Kunde kann binnen 14 Tagen nach Erhalt der Ware durch Absenden einer schriftlichen R\u00fccktrittserkl\u00e4rung ohne Angaben von Gr\u00fcnden vom geschlossenen Vertrag zur\u00fccktreten. Daf\u00fcr gen\u00fcgt es, wenn die R\u00fccktrittserkl\u00e4rung innerhalb dieser Frist abgesendet wird (es entscheidet das Datum des Postaufgabescheines). Der Kunde [&hellip;]<\/p>\n","protected":false},"author":1,"featured_media":0,"parent":0,"menu_order":0,"comment_status":"closed","ping_status":"closed","template":"template-normal-font.php","meta":{"footnotes":""},"class_list":["post-2816","page","type-page","status-publish","hentry"],"_links":{"self":[{"href":"https:\/\/www.mittendorfer.net\/destillerie\/wp-json\/wp\/v2\/pages\/2816","targetHints":{"allow":["GET"]}}],"collection":[{"href":"https:\/\/www.mittendorfer.net\/destillerie\/wp-json\/wp\/v2\/pages"}],"about":[{"href":"https:\/\/www.mittendorfer.net\/destillerie\/wp-json\/wp\/v2\/types\/page"}],"author":[{"embeddable":true,"href":"https:\/\/www.mittendorfer.net\/destillerie\/wp-json\/wp\/v2\/users\/1"}],"replies":[{"embeddable":true,"href":"https:\/\/www.mittendorfer.net\/destillerie\/wp-json\/wp\/v2\/comments?post=2816"}],"version-history":[{"count":8,"href":"https:\/\/www.mittendorfer.net\/destillerie\/wp-json\/wp\/v2\/pages\/2816\/revisions"}],"predecessor-version":[{"id":2965,"href":"https:\/\/www.mittendorfer.net\/destillerie\/wp-json\/wp\/v2\/pages\/2816\/revisions\/2965"}],"wp:attachment":[{"href":"https:\/\/www.mittendorfer.net\/destillerie\/wp-json\/wp\/v2\/media?parent=2816"}],"curies":[{"name":"wp","href":"https:\/\/api.w.org\/{rel}","templated":true}]}}